{"id":1464,"date":"2015-11-10T07:25:18","date_gmt":"2015-11-10T07:25:18","guid":{"rendered":"http:\/\/demo.vegatheme.com\/wealth\/?page_id=1464"},"modified":"2022-02-25T17:43:24","modified_gmt":"2022-02-25T17:43:24","slug":"handyman-responsive","status":"publish","type":"page","link":"http:\/\/multiserviciosdelcaribe.com.mx\/","title":{"rendered":"Home"},"content":{"rendered":"<p>[vc_row css=&#8221;.vc_custom_1496217630279{padding-top: 185px !important;padding-bottom: 107px !important;background-image: url(http:\/\/multiserviciosdelcaribe.com.mx\/wp-content\/uploads\/2015\/11\/banner.jpg?id=1470) !important;background-position: center !important;background-repeat: no-repeat !important;background-size: cover !important;}&#8221; el_id=&#8221;home&#8221;][vc_column width=&#8221;1\/2&#8243;][vc_custom_heading text=&#8221;Proporcionando servicios de Limpieza, Reparaci\u00f3n y Mantenimiento&#8221; font_container=&#8221;tag:h1|font_size:44px|text_align:left|color:%23ffffff|line_height:54px&#8221; google_fonts=&#8221;font_family:Cabin%3Aregular%2Citalic%2C500%2C500italic%2C600%2C600italic%2C700%2C700italic|font_style:700%20bold%20regular%3A700%3Anormal&#8221; css=&#8221;.vc_custom_1644347800751{margin-top: 0px !important;margin-bottom: 20px !important;}&#8221;][vc_column_text el_class=&#8221;header-handyman&#8221;]<\/p>\n<ul>\n<li><i class=\"fa fa-check-square-o\"><\/i>Precios Justos<\/li>\n<li><i class=\"fa fa-check-square-o\"><\/i> Pago con tarjeta<\/li>\n<li><i class=\"fa fa-check-square-o\"><\/i> Servicio los 7 d\u00edas de la semana<\/li>\n<li><i class=\"fa fa-check-square-o\"><\/i> 100% Garant\u00eda de Mano de Obra<\/li>\n<\/ul>\n<p>[\/vc_column_text][vc_custom_heading text=&#8221;Llamanos: 998 155 8092&#8243; font_container=&#8221;tag:h2|font_size:44px|text_align:left|color:%23ffffff|line_height:54px&#8221; google_fonts=&#8221;font_family:Cabin%3Aregular%2Citalic%2C500%2C500italic%2C600%2C600italic%2C700%2C700italic|font_style:700%20bold%20regular%3A700%3Anormal&#8221; css=&#8221;.vc_custom_1645630355742{margin-top: 0px !important;margin-bottom: 20px !important;}&#8221;][\/vc_column][vc_column width=&#8221;1\/2&#8243; offset=&#8221;vc_col-lg-offset-1 vc_col-lg-5&#8243;]<div role=\"form\" class=\"wpcf7\" id=\"wpcf7-f1466-o1\" lang=\"en-US\" dir=\"ltr\">\n<div class=\"screen-reader-response\"><p role=\"status\" aria-live=\"polite\" aria-atomic=\"true\"><\/p> <ul><\/ul><\/div>\n<form action=\"\/index.php\/wp-json\/wp\/v2\/pages\/1464#wpcf7-f1466-o1\" method=\"post\" class=\"wpcf7-form init\" novalidate=\"novalidate\" data-status=\"init\">\n<div style=\"display: none;\">\n<input type=\"hidden\" name=\"_wpcf7\" value=\"1466\" \/>\n<input type=\"hidden\" name=\"_wpcf7_version\" value=\"5.5.5\" \/>\n<input type=\"hidden\" name=\"_wpcf7_locale\" value=\"en_US\" \/>\n<input type=\"hidden\" name=\"_wpcf7_unit_tag\" value=\"wpcf7-f1466-o1\" \/>\n<input type=\"hidden\" name=\"_wpcf7_container_post\" value=\"0\" \/>\n<input type=\"hidden\" name=\"_wpcf7_posted_data_hash\" value=\"\" \/>\n<\/div>\n<div class=\"form-box-handyman\">\n<h1>Solicita un Servicio y\/o una Cotizaci\u00f3n<\/h1>\n<div class=\"form-group-handyman\"><span class=\"wpcf7-form-control-wrap name\"><input type=\"text\" name=\"name\" value=\"\" size=\"40\" class=\"wpcf7-form-control wpcf7-text wpcf7-validates-as-required form-control-handyman\" id=\"name\" aria-required=\"true\" aria-invalid=\"false\" placeholder=\"Nombre\" \/><\/span><\/div>\n<div class=\"form-group-handyman\"><span class=\"wpcf7-form-control-wrap email\"><input type=\"email\" name=\"email\" value=\"\" size=\"40\" class=\"wpcf7-form-control wpcf7-text wpcf7-email wpcf7-validates-as-required wpcf7-validates-as-email form-control-handyman\" id=\"email\" aria-required=\"true\" aria-invalid=\"false\" placeholder=\"Email\" \/><\/span><\/div>\n<div class=\"form-group-handyman\"><span class=\"wpcf7-form-control-wrap phone\"><input type=\"tel\" name=\"phone\" value=\"\" size=\"40\" class=\"wpcf7-form-control wpcf7-text wpcf7-tel wpcf7-validates-as-required wpcf7-validates-as-tel form-control-handyman\" id=\"phone\" aria-required=\"true\" aria-invalid=\"false\" placeholder=\"Whatsapp\" \/><\/span><\/div>\n<div class=\"form-group-handyman\"><span class=\"wpcf7-form-control-wrap state\"><select name=\"state\" class=\"wpcf7-form-control wpcf7-select wpcf7-validates-as-required form-control-handyman\" aria-required=\"true\" aria-invalid=\"false\"><option value=\"Colonia\">Colonia<\/option><option value=\"Aldea Civitas\">Aldea Civitas<\/option><option value=\"Joaqu\u00edn Zetina Gasca\">Joaqu\u00edn Zetina Gasca<\/option><option value=\"La Nueva Esperanza\">La Nueva Esperanza<\/option><option value=\"Leona Vicario\">Leona Vicario<\/option><option value=\"Puerto Morelos\">Puerto Morelos<\/option><option value=\"Residencial Alborada\">Residencial Alborada<\/option><option value=\"Residencial Civitas\">Residencial Civitas<\/option><option value=\"Residencial Regatta\">Residencial Regatta<\/option><option value=\"Selva Escondida\">Selva Escondida<\/option><option value=\"Villas La Playa\">Villas La Playa<\/option><option value=\"Villas Morelos I\">Villas Morelos I<\/option><\/select><\/span><\/div>\n<div class=\"form-group-handyman\"><span class=\"wpcf7-form-control-wrap typework\"><select name=\"typework\" class=\"wpcf7-form-control wpcf7-select wpcf7-validates-as-required form-control-handyman\" aria-required=\"true\" aria-invalid=\"false\"><option value=\"Tipo de Trabajo\">Tipo de Trabajo<\/option><option value=\"Aire Acondicionado\">Aire Acondicionado<\/option><option value=\"Alba\u00f1iler\u00eda\">Alba\u00f1iler\u00eda<\/option><option value=\"Camaras y Sistemas de Seguridad\">Camaras y Sistemas de Seguridad<\/option><option value=\"Electricidad\">Electricidad<\/option><option value=\"Herrer\u00eda\">Herrer\u00eda<\/option><option value=\"Internet\">Internet<\/option><option value=\"Jardiner\u00eda\">Jardiner\u00eda<\/option><option value=\"Lavadoras\">Lavadoras<\/option><option value=\"Limpieza\">Limpieza<\/option><option value=\"Pintura\">Pintura<\/option><option value=\"Plomer\u00eda\">Plomer\u00eda<\/option><option value=\"Refrigeraci\u00f3n\">Refrigeraci\u00f3n<\/option><\/select><\/span><\/div>\n<div class=\"form-group-handyman\"><input type=\"submit\" value=\"ENVIAR\" class=\"wpcf7-form-control has-spinner wpcf7-submit btn lp-btn-default-handyman\" id=\"submit\" \/><\/div>\n<\/div>\n<div class=\"wpcf7-response-output\" aria-hidden=\"true\"><\/div><\/form><\/div>[\/vc_column][\/vc_row][vc_row css=&#8221;.vc_custom_1450086580374{padding-top: 80px !important;padding-bottom: 80px !important;background-color: #f6f4f2 !important;}&#8221; el_id=&#8221;service&#8221;][vc_column][vc_custom_heading text=&#8221;Limpieza, Reparaci\u00f3n y Mantenimiento&#8221; font_container=&#8221;tag:h1|font_size:36px|text_align:center|color:%23191919|line_height:1.1&#8243; google_fonts=&#8221;font_family:Cabin%3Aregular%2Citalic%2C500%2C500italic%2C600%2C600italic%2C700%2C700italic|font_style:700%20bold%20regular%3A700%3Anormal&#8221; css=&#8221;.vc_custom_1644347893085{margin-top: 0px !important;margin-bottom: 40px !important;}&#8221;][\/vc_column][vc_column width=&#8221;1\/2&#8243;][vc_single_image image=&#8221;1479&#8243; img_size=&#8221;full&#8221; css=&#8221;.vc_custom_1447145164604{margin-top: 0px !important;margin-bottom: 0px !important;}&#8221;][vc_custom_heading text=&#8221;Servicio Residencial&#8221; font_container=&#8221;tag:h2|font_size:28px|text_align:left|color:%233a3735|line_height:1.1&#8243; google_fonts=&#8221;font_family:Cabin%3Aregular%2Citalic%2C500%2C500italic%2C600%2C600italic%2C700%2C700italic|font_style:700%20bold%20regular%3A700%3Anormal&#8221; css=&#8221;.vc_custom_1644347911556{margin-top: 0px !important;margin-bottom: 0px !important;padding-top: 40px !important;padding-right: 40px !important;padding-bottom: 20px !important;padding-left: 40px !important;background-color: #ffffff !important;}&#8221;][vc_column_text css=&#8221;.vc_custom_1645011981941{margin-bottom: 0px !important;padding-right: 40px !important;padding-bottom: 62px !important;padding-left: 40px !important;background-color: #ffffff !important;}&#8221; el_class=&#8221;lead-handyman&#8221;]Servicios de Limpieza, Reparaci\u00f3n, Mantenimiento y Pintura para el Hogar[\/vc_column_text][\/vc_column][vc_column width=&#8221;1\/2&#8243;][vc_single_image image=&#8221;1490&#8243; img_size=&#8221;full&#8221; css=&#8221;.vc_custom_1447145714834{margin-top: 0px !important;margin-bottom: 0px !important;}&#8221;][vc_custom_heading text=&#8221;Servicios Comercial&#8221; font_container=&#8221;tag:h2|font_size:28px|text_align:left|color:%233a3735|line_height:1.1&#8243; google_fonts=&#8221;font_family:Cabin%3Aregular%2Citalic%2C500%2C500italic%2C600%2C600italic%2C700%2C700italic|font_style:700%20bold%20regular%3A700%3Anormal&#8221; css=&#8221;.vc_custom_1645011774064{margin-top: 0px !important;margin-bottom: 0px !important;padding-top: 40px !important;padding-right: 40px !important;padding-bottom: 20px !important;padding-left: 40px !important;background-color: #ffffff !important;}&#8221;][vc_column_text css=&#8221;.vc_custom_1645011901056{margin-bottom: 0px !important;padding-right: 40px !important;padding-bottom: 62px !important;padding-left: 40px !important;background-color: #ffffff !important;}&#8221; el_class=&#8221;lead-handyman&#8221;]Servicios de Limpieza, Reparaci\u00f3n, Mantenimiento y Pintura para Negocios, Hoteles y Restaurantes[\/vc_column_text][\/vc_column][vc_column][vc_custom_heading text=&#8221;Servicios&#8221; font_container=&#8221;tag:h1|font_size:36px|text_align:center|color:%23191919|line_height:1.1&#8243; google_fonts=&#8221;font_family:Cabin%3Aregular%2Citalic%2C500%2C500italic%2C600%2C600italic%2C700%2C700italic|font_style:700%20bold%20regular%3A700%3Anormal&#8221; css=&#8221;.vc_custom_1645012033201{margin-top: 60px !important;margin-bottom: 40px !important;}&#8221;][\/vc_column][vc_column]\n\t\t    <div id=\"service-handyman\" class=\"service-handyman\">\n\t    \t\t        <div class=\"item-handyman\"><!--item-->\n              \t<div class=\"service-block-handyman\"><!-- service block -->\n                \t<div class=\"lp-white-box\"><!-- white box -->\n                  \t\t<h3>Refrigeraci\u00f3n<\/h3>\n                  \t\t<p><p>Instalaci\u00f3n, Mantenimiento y Reparaci\u00f3n<\/p>\n<\/p>\n                \t<\/div>\n          \t\t<\/div>\n          \t<\/div>\n\t        \t        <div class=\"item-handyman\"><!--item-->\n              \t<div class=\"service-block-handyman\"><!-- service block -->\n                \t<div class=\"lp-white-box\"><!-- white box -->\n                  \t\t<h3>Plomer\u00eda<\/h3>\n                  \t\t<p><p>Servicios de Plomer\u00eda<\/p>\n<\/p>\n                \t<\/div>\n          \t\t<\/div>\n          \t<\/div>\n\t        \t        <div class=\"item-handyman\"><!--item-->\n              \t<div class=\"service-block-handyman\"><!-- service block -->\n                \t<div class=\"lp-white-box\"><!-- white box -->\n                  \t\t<h3>Pintura<\/h3>\n                  \t\t<p><p>Servicios de Pintura<\/p>\n<\/p>\n                \t<\/div>\n          \t\t<\/div>\n          \t<\/div>\n\t        \t        <div class=\"item-handyman\"><!--item-->\n              \t<div class=\"service-block-handyman\"><!-- service block -->\n                \t<div class=\"lp-white-box\"><!-- white box -->\n                  \t\t<h3>Limpieza<\/h3>\n                  \t\t<p><p>Servicios de Limpieza<\/p>\n<\/p>\n                \t<\/div>\n          \t\t<\/div>\n          \t<\/div>\n\t        \t        <div class=\"item-handyman\"><!--item-->\n              \t<div class=\"service-block-handyman\"><!-- service block -->\n                \t<div class=\"lp-white-box\"><!-- white box -->\n                  \t\t<h3>Lavadoras<\/h3>\n                  \t\t<p><p>Instalaci\u00f3n, Mantenimiento y Reparaci\u00f3n de Lavadoras<\/p>\n<\/p>\n                \t<\/div>\n          \t\t<\/div>\n          \t<\/div>\n\t        \t        <div class=\"item-handyman\"><!--item-->\n              \t<div class=\"service-block-handyman\"><!-- service block -->\n                \t<div class=\"lp-white-box\"><!-- white box -->\n                  \t\t<h3>C\u00e1maras y Sistemas de Seguridad<\/h3>\n                  \t\t<p><p>Instalaci\u00f3n, Mantenimiento y Reparaci\u00f3n de C\u00e1maras y Sistemas de Seguridad<\/p>\n<\/p>\n                \t<\/div>\n          \t\t<\/div>\n          \t<\/div>\n\t        \t        <div class=\"item-handyman\"><!--item-->\n              \t<div class=\"service-block-handyman\"><!-- service block -->\n                \t<div class=\"lp-white-box\"><!-- white box -->\n                  \t\t<h3>Jardiner\u00eda<\/h3>\n                  \t\t<p><p>Servicios de Jardiner\u00eda<\/p>\n<\/p>\n                \t<\/div>\n          \t\t<\/div>\n          \t<\/div>\n\t        \t        <div class=\"item-handyman\"><!--item-->\n              \t<div class=\"service-block-handyman\"><!-- service block -->\n                \t<div class=\"lp-white-box\"><!-- white box -->\n                  \t\t<h3>Internet<\/h3>\n                  \t\t<p><p>Instalaci\u00f3n, Mantenimiento y Reparaci\u00f3n de Servicios de Internet<\/p>\n<\/p>\n                \t<\/div>\n          \t\t<\/div>\n          \t<\/div>\n\t        \t        <div class=\"item-handyman\"><!--item-->\n              \t<div class=\"service-block-handyman\"><!-- service block -->\n                \t<div class=\"lp-white-box\"><!-- white box -->\n                  \t\t<h3>Aire Acondicionado<\/h3>\n                  \t\t<p><p>Instalaci\u00f3n, Mantenimiento y Reparaci\u00f3n<\/p>\n<\/p>\n                \t<\/div>\n          \t\t<\/div>\n          \t<\/div>\n\t        \t        <div class=\"item-handyman\"><!--item-->\n              \t<div class=\"service-block-handyman\"><!-- service block -->\n                \t<div class=\"lp-white-box\"><!-- white box -->\n                  \t\t<h3>Alba\u00f1iler\u00eda<\/h3>\n                  \t\t<p><p>Servicios de Alba\u00f1iler\u00eda<\/p>\n<\/p>\n                \t<\/div>\n          \t\t<\/div>\n          \t<\/div>\n\t        \t        <div class=\"item-handyman\"><!--item-->\n              \t<div class=\"service-block-handyman\"><!-- service block -->\n                \t<div class=\"lp-white-box\"><!-- white box -->\n                  \t\t<h3>Electricidad<\/h3>\n                  \t\t<p><p>Instalaci\u00f3n, Mantenimiento y Reparaci\u00f3n<\/p>\n<\/p>\n                \t<\/div>\n          \t\t<\/div>\n          \t<\/div>\n\t        \t        <div class=\"item-handyman\"><!--item-->\n              \t<div class=\"service-block-handyman\"><!-- service block -->\n                \t<div class=\"lp-white-box\"><!-- white box -->\n                  \t\t<h3>Herrer\u00eda<\/h3>\n                  \t\t<p><p>Servicios de Herrer\u00eda<\/p>\n<\/p>\n                \t<\/div>\n          \t\t<\/div>\n          \t<\/div>\n\t              \n\t    <\/div>\n\t    <script>\n\t\t\t(function($) { \"use strict\";\n\t\t\t\t$(\"#service-handyman\").owlCarousel({\n\t\t\t\t \tautoPlay: 3000, \/\/Set AutoPlay to 3 seconds\n\t\t\t\t \titems : 4,\n\t\t\t\t\titemsDesktop : [1199,4],\n\t\t\t\t\titemsDesktopSmall : [979,1]\n\t\t\t\t});\t\t\n\t\t\t})(jQuery); \n\t\t<\/script>\n     \n       \n\n[\/vc_column][\/vc_row][vc_row css=&#8221;.vc_custom_1450086687986{padding-top: 80px !important;padding-bottom: 80px !important;}&#8221; el_id=&#8221;feature&#8221;][vc_column offset=&#8221;vc_col-lg-offset-1 vc_col-lg-10&#8243;][vc_row_inner][vc_column_inner width=&#8221;1\/3&#8243; css=&#8221;.vc_custom_1447213604782{margin-bottom: 75px !important;}&#8221;][vc_single_image image=&#8221;1504&#8243; img_size=&#8221;full&#8221;][\/vc_column_inner][vc_column_inner width=&#8221;2\/3&#8243; offset=&#8221;vc_col-lg-offset-1 vc_col-lg-7&#8243;][vc_custom_heading text=&#8221;Multiservicios del Caribe&#8221; font_container=&#8221;tag:h1|font_size:36px|text_align:left|color:%23191919|line_height:1.1&#8243; google_fonts=&#8221;font_family:Cabin%3Aregular%2Citalic%2C500%2C500italic%2C600%2C600italic%2C700%2C700italic|font_style:700%20bold%20regular%3A700%3Anormal&#8221; css=&#8221;.vc_custom_1644348531849{margin-top: 0px !important;margin-bottom: 20px !important;}&#8221;][vc_custom_heading text=&#8221;Servicios de Limpieza, Mantenimiento y Reparaci\u00f3n en Puerto Morelos, Quintana roo&#8221; font_container=&#8221;tag:p|font_size:21px|text_align:left|color:%23f76513|line_height:32px&#8221; google_fonts=&#8221;font_family:Cabin%3Aregular%2Citalic%2C500%2C500italic%2C600%2C600italic%2C700%2C700italic|font_style:400%20regular%3A400%3Anormal&#8221; css=&#8221;.vc_custom_1644353564024{margin-top: 0px !important;margin-bottom: 20px !important;}&#8221;][vc_column_text el_class=&#8221;lead-handyman&#8221; css=&#8221;.vc_custom_1644353837632{margin-bottom: 30px !important;}&#8221;]Al solicitar un Servicio, un miembro de nuestro equipo se comunicar\u00e1 con usted y se tomar\u00e1 el tiempo para escuchar sus necesidades de servicio. Combinaremos su proyecto con las habilidades de el equipo de Multiservicios del Caribe[\/vc_column_text][\/vc_column_inner][\/vc_row_inner][\/vc_column][vc_column offset=&#8221;vc_col-lg-offset-1 vc_col-lg-10&#8243;][vc_row_inner][vc_column_inner width=&#8221;1\/3&#8243;][vc_single_image image=&#8221;1508&#8243; img_size=&#8221;full&#8221; alignment=&#8221;center&#8221; style=&#8221;vc_box_border_circle_2&#8243; css=&#8221;.vc_custom_1449562318235{margin-bottom: 60px !important;}&#8221;][vc_custom_heading text=&#8221;Calidad&#8221; font_container=&#8221;tag:h2|font_size:28px|text_align:center|color:%233a3735|line_height:1.1&#8243; google_fonts=&#8221;font_family:Cabin%3Aregular%2Citalic%2C500%2C500italic%2C600%2C600italic%2C700%2C700italic|font_style:700%20bold%20regular%3A700%3Anormal&#8221; css=&#8221;.vc_custom_1645012152480{margin-top: 0px !important;margin-bottom: 20px !important;}&#8221;][vc_column_text el_class=&#8221;lead-handyman&#8221; css=&#8221;.vc_custom_1645012220867{margin-top: 0px !important;margin-bottom: 30px !important;}&#8221;][\/vc_column_text][\/vc_column_inner][vc_column_inner width=&#8221;1\/3&#8243;][vc_single_image image=&#8221;1518&#8243; img_size=&#8221;full&#8221; alignment=&#8221;center&#8221; style=&#8221;vc_box_border_circle_2&#8243; css=&#8221;.vc_custom_1447214606882{margin-bottom: 60px !important;}&#8221;][vc_custom_heading text=&#8221;Compromiso&#8221; font_container=&#8221;tag:h2|font_size:28px|text_align:center|color:%233a3735|line_height:1.1&#8243; google_fonts=&#8221;font_family:Cabin%3Aregular%2Citalic%2C500%2C500italic%2C600%2C600italic%2C700%2C700italic|font_style:700%20bold%20regular%3A700%3Anormal&#8221; css=&#8221;.vc_custom_1645012162433{margin-top: 0px !important;margin-bottom: 20px !important;}&#8221;][vc_column_text el_class=&#8221;lead-handyman&#8221; css=&#8221;.vc_custom_1645012232570{margin-top: 0px !important;margin-bottom: 30px !important;}&#8221;][\/vc_column_text][\/vc_column_inner][vc_column_inner width=&#8221;1\/3&#8243;][vc_single_image image=&#8221;1519&#8243; img_size=&#8221;full&#8221; alignment=&#8221;center&#8221; style=&#8221;vc_box_border_circle_2&#8243; css=&#8221;.vc_custom_1447214614312{margin-bottom: 60px !important;}&#8221;][vc_custom_heading text=&#8221;Trabajos Garantizados&#8221; font_container=&#8221;tag:h2|font_size:28px|text_align:center|color:%233a3735|line_height:1.1&#8243; google_fonts=&#8221;font_family:Cabin%3Aregular%2Citalic%2C500%2C500italic%2C600%2C600italic%2C700%2C700italic|font_style:700%20bold%20regular%3A700%3Anormal&#8221; css=&#8221;.vc_custom_1645012191934{margin-top: 0px !important;margin-bottom: 20px !important;}&#8221;][vc_column_text el_class=&#8221;lead-handyman&#8221; css=&#8221;.vc_custom_1645012247594{margin-top: 0px !important;margin-bottom: 30px !important;}&#8221;][\/vc_column_text][\/vc_column_inner][\/vc_row_inner][\/vc_column][\/vc_row][vc_row css=&#8221;.vc_custom_1450086712825{padding-top: 80px !important;padding-bottom: 80px !important;background-color: #f6f4f2 !important;}&#8221; el_id=&#8221;pricing&#8221;][vc_column][vc_custom_heading text=&#8221;Multiservicios del Caribe&#8221; font_container=&#8221;tag:h1|font_size:36px|text_align:center|color:%23191919|line_height:1.1&#8243; google_fonts=&#8221;font_family:Cabin%3Aregular%2Citalic%2C500%2C500italic%2C600%2C600italic%2C700%2C700italic|font_style:700%20bold%20regular%3A700%3Anormal&#8221; css=&#8221;.vc_custom_1645012622267{margin-top: 0px !important;margin-bottom: 40px !important;}&#8221;][\/vc_column][vc_column][vc_row_inner][vc_column_inner width=&#8221;2\/3&#8243;][vc_custom_heading text=&#8221;Todo lo que necesitas para tu Hogar o Negocio.<br \/>\nLimpiamos, arreglamos, ajustamos, colgamos, instalamos, reparamos, ensamblamos, tambi\u00e9n hacemos trabajos de plomer\u00eda, electricidad, decoraci\u00f3n y alba\u00f1iler\u00eda.&#8221; font_container=&#8221;tag:h2|font_size:24px|text_align:left|line_height:35px&#8221; google_fonts=&#8221;font_family:Cabin%3Aregular%2Citalic%2C500%2C500italic%2C600%2C600italic%2C700%2C700italic|font_style:400%20regular%3A400%3Anormal&#8221; css=&#8221;.vc_custom_1645012606457{margin-top: 0px !important;margin-bottom: 20px !important;}&#8221;][\/vc_column_inner][vc_column_inner width=&#8221;1\/3&#8243; css=&#8221;.vc_custom_1447217987581{margin-top: 20px !important;}&#8221;]\t\t\t\n\t\n\t\n\t\t<a class=\"page-scroll vc_custom_1645012721130\" style=\"font-weight: 700;color: #ffffff;font-size: 20px;\" href=\"#home\" title=\"AGENDA EN L\u00cdNEA\" target=\"_self\">AGENDA EN L\u00cdNEA<\/a>\t\n\t\n\t[\/vc_column_inner][\/vc_row_inner][\/vc_column][\/vc_row][vc_row css=&#8221;.vc_custom_1447232278532{padding-top: 80px !important;padding-bottom: 80px !important;}&#8221;][vc_column][vc_custom_heading text=&#8221;\u00bfNecesitas una Mano en tu Hogar o Negocio?&#8221; font_container=&#8221;tag:h1|font_size:36px|text_align:center|color:%23191919|line_height:1.1&#8243; google_fonts=&#8221;font_family:Cabin%3Aregular%2Citalic%2C500%2C500italic%2C600%2C600italic%2C700%2C700italic|font_style:700%20bold%20regular%3A700%3Anormal&#8221; css=&#8221;.vc_custom_1645013132115{margin-top: 0px !important;margin-bottom: 20px !important;}&#8221;][vc_column_text css=&#8221;.vc_custom_1645013217203{margin-top: 0px !important;margin-bottom: 42px !important;}&#8221; el_class=&#8221;lead-handyman&#8221;]<\/p>\n<p style=\"text-align: center;\">Puede estar seguro de la calidad del trabajo en su hogar u negocio con nuestro trabajo.<\/p>\n<p>[\/vc_column_text][\/vc_column][vc_column containerclass=&#8221;center&#8221;]\t\t\t\n\t\n\t\n\t\t<a class=\"page-scroll vc_custom_1645013270773\" style=\"font-weight: 700;color: #ffffff;font-size: 18px;\" href=\"#home\" title=\"AGENDA UN SERVICIO\" target=\"_self\">AGENDA UN SERVICIO<\/a>\t\n\t\n\t[vc_custom_heading text=&#8221;998 155 8092&#8243; font_container=&#8221;tag:h1|font_size:36px|text_align:center|color:%23191919|line_height:1.1&#8243; google_fonts=&#8221;font_family:Cabin%3Aregular%2Citalic%2C500%2C500italic%2C600%2C600italic%2C700%2C700italic|font_style:700%20bold%20regular%3A700%3Anormal&#8221; css=&#8221;.vc_custom_1645811634156{margin-top: 62px !important;margin-bottom: 20px !important;}&#8221;][\/vc_column][\/vc_row][vc_row css=&#8221;.vc_custom_1449217587250{padding-top: 80px !important;padding-bottom: 80px !important;background-color: #f6f4f2 !important;}&#8221;][vc_column offset=&#8221;vc_col-lg-offset-1 vc_col-lg-10&#8243;][vc_icon icon_fontawesome=&#8221;fa fa-envelope&#8221; color=&#8221;white&#8221; background_style=&#8221;rounded&#8221; background_color=&#8221;custom&#8221; size=&#8221;lg&#8221; align=&#8221;center&#8221; custom_background_color=&#8221;#f76513&#8243; css=&#8221;.vc_custom_1449217663358{margin-bottom: 30px !important;}&#8221;][vc_custom_heading text=&#8221;Suscr\u00edbete a nuestra newsletter para recibir ofertas exclusivas.&#8221; font_container=&#8221;tag:h1|font_size:36px|text_align:center|color:%23191919|line_height:1.1&#8243; google_fonts=&#8221;font_family:Cabin%3Aregular%2Citalic%2C500%2C500italic%2C600%2C600italic%2C700%2C700italic|font_style:700%20bold%20regular%3A700%3Anormal&#8221; css=&#8221;.vc_custom_1645013398522{margin-top: 0px !important;margin-bottom: 50px !important;}&#8221;][vc_row_inner][vc_column_inner offset=&#8221;vc_col-lg-offset-1 vc_col-lg-10&#8243;]<div class=\"tnp tnp-subscription\">\n<form method=\"post\" action=\"http:\/\/multiserviciosdelcaribe.com.mx\/?na=s\">\n\n<input type=\"hidden\" name=\"nr\" value=\"page\"><input type=\"hidden\" name=\"nlang\" value=\"\"><div class=\"tnp-field tnp-field-email\"><label for=\"tnp-1\">Email<\/label>\n<input class=\"tnp-email\" type=\"email\" name=\"ne\" id=\"tnp-1\" value=\"\" required><\/div>\n<div class=\"tnp-field tnp-field-button\"><input class=\"tnp-submit\" type=\"submit\" value=\"Subscribe\" >\n<\/div>\n<\/form>\n<\/div>\n[\/vc_column_inner][\/vc_row_inner][\/vc_column][\/vc_row]<\/p>\n","protected":false},"excerpt":{"rendered":"<p>[vc_row css=&#8221;.vc_custom_1496217630279{padding-top: 185px !important;padding-bottom: 107px !important;background-image: url(http:\/\/multiserviciosdelcaribe.com.mx\/wp-content\/uploads\/2015\/11\/banner.jpg?id=1470) !important;background-position: center !important;background-repeat: no-repeat !important;background-size: cover !important;}&#8221; el_id=&#8221;home&#8221;][vc_column width=&#8221;1\/2&#8243;][vc_custom_heading text=&#8221;Proporcionando servicios de Limpieza, Reparaci\u00f3n y Mantenimiento&#8221; font_container=&#8221;tag:h1|font_size:44px|text_align:left|color:%23ffffff|line_height:54px&#8221; google_fonts=&#8221;font_family:Cabin%3Aregular%2Citalic%2C500%2C500italic%2C600%2C600italic%2C700%2C700italic|font_style:700%20bold%20regular%3A700%3Anormal&#8221; css=&#8221;.vc_custom_1644347800751{margin-top: 0px !important;margin-bottom: 20px !important;}&#8221;][vc_column_text el_class=&#8221;header-handyman&#8221;] Precios Justos Pago con tarjeta Servicio los 7 d\u00edas de la semana 100% Garant\u00eda de Mano de Obra [\/vc_column_text][vc_custom_heading text=&#8221;Llamanos: 998 155 8092&#8243; font_container=&#8221;tag:h2|font_size:44px|text_align:left|color:%23ffffff|line_height:54px&#8221; [&hellip;]<\/p>\n","protected":false},"author":1,"featured_media":0,"parent":0,"menu_order":0,"comment_status":"closed","ping_status":"closed","template":"page-templates\/template-canvas.php","meta":{"om_disable_all_campaigns":false,"_monsterinsights_skip_tracking":false,"_monsterinsights_sitenote_active":false,"_monsterinsights_sitenote_note":"","_monsterinsights_sitenote_category":0},"_links":{"self":[{"href":"http:\/\/multiserviciosdelcaribe.com.mx\/index.php\/wp-json\/wp\/v2\/pages\/1464"}],"collection":[{"href":"http:\/\/multiserviciosdelcaribe.com.mx\/index.php\/wp-json\/wp\/v2\/pages"}],"about":[{"href":"http:\/\/multiserviciosdelcaribe.com.mx\/index.php\/wp-json\/wp\/v2\/types\/page"}],"author":[{"embeddable":true,"href":"http:\/\/multiserviciosdelcaribe.com.mx\/index.php\/wp-json\/wp\/v2\/users\/1"}],"replies":[{"embeddable":true,"href":"http:\/\/multiserviciosdelcaribe.com.mx\/index.php\/wp-json\/wp\/v2\/comments?post=1464"}],"version-history":[{"count":20,"href":"http:\/\/multiserviciosdelcaribe.com.mx\/index.php\/wp-json\/wp\/v2\/pages\/1464\/revisions"}],"predecessor-version":[{"id":2646,"href":"http:\/\/multiserviciosdelcaribe.com.mx\/index.php\/wp-json\/wp\/v2\/pages\/1464\/revisions\/2646"}],"wp:attachment":[{"href":"http:\/\/multiserviciosdelcaribe.com.mx\/index.php\/wp-json\/wp\/v2\/media?parent=1464"}],"curies":[{"name":"wp","href":"https:\/\/api.w.org\/{rel}","templated":true}]}}